{"id":2215,"date":"2023-01-15T19:04:55","date_gmt":"2023-01-15T19:04:55","guid":{"rendered":"https:\/\/www.rettum.ee\/?page_id=2215"},"modified":"2025-07-07T11:59:19","modified_gmt":"2025-07-07T08:59:19","slug":"hinnad","status":"publish","type":"page","link":"https:\/\/rettum.ee\/en\/hinnad\/","title":{"rendered":"Prices"},"content":{"rendered":"<div data-elementor-type=\"wp-post\" data-elementor-id=\"2215\" class=\"elementor elementor-2215\">\n\t\t\t\t\t\t<section class=\"elementor-section elementor-top-section elementor-element elementor-element-b0d353c elementor-section-boxed elementor-section-height-default elementor-section-height-default\" data-id=\"b0d353c\" data-element_type=\"section\" data-e-type=\"section\" data-settings=\"{&quot;background_background&quot;:&quot;classic&quot;}\">\n\t\t\t\t\t\t\t<div class=\"elementor-background-overlay\"><\/div>\n\t\t\t\t\t\t\t<div class=\"elementor-container elementor-column-gap-no\">\n\t\t\t\t\t<div class=\"elementor-column elementor-col-100 elementor-top-column elementor-element elementor-element-c9b84a8\" data-id=\"c9b84a8\" data-element_type=\"column\" data-e-type=\"column\" data-settings=\"{&quot;background_background&quot;:&quot;classic&quot;}\">\n\t\t\t<div class=\"elementor-widget-wrap elementor-element-populated\">\n\t\t\t\t\t\t<div class=\"elementor-element elementor-element-e36dc84 elementor-invisible elementor-widget elementor-widget-heading\" data-id=\"e36dc84\" data-element_type=\"widget\" data-e-type=\"widget\" data-settings=\"{&quot;_animation&quot;:&quot;pulse&quot;}\" data-widget_type=\"heading.default\">\n\t\t\t\t<div class=\"elementor-widget-container\">\n\t\t\t\t\t<h1 class=\"elementor-heading-title elementor-size-default\">Prices<\/h1>\t\t\t\t<\/div>\n\t\t\t\t<\/div>\n\t\t\t\t<div class=\"elementor-element elementor-element-7dc7ff2 elementor-widget-divider--view-line elementor-widget elementor-widget-divider\" data-id=\"7dc7ff2\" data-element_type=\"widget\" data-e-type=\"widget\" data-widget_type=\"divider.default\">\n\t\t\t\t<div class=\"elementor-widget-container\">\n\t\t\t\t\t\t\t<div class=\"elementor-divider\">\n\t\t\t<span class=\"elementor-divider-separator\">\n\t\t\t\t\t\t<\/span>\n\t\t<\/div>\n\t\t\t\t\t\t<\/div>\n\t\t\t\t<\/div>\n\t\t\t\t\t<\/div>\n\t\t<\/div>\n\t\t\t\t\t<\/div>\n\t\t<\/section>\n\t\t\t\t<section class=\"elementor-section elementor-top-section elementor-element elementor-element-c48af61 elementor-section-boxed elementor-section-height-default elementor-section-height-default\" data-id=\"c48af61\" data-element_type=\"section\" data-e-type=\"section\">\n\t\t\t\t\t\t\t<div class=\"elementor-background-overlay\"><\/div>\n\t\t\t\t\t\t\t<div class=\"elementor-container elementor-column-gap-no\">\n\t\t\t\t\t<div class=\"elementor-column elementor-col-100 elementor-top-column elementor-element elementor-element-fed7aae\" data-id=\"fed7aae\" data-element_type=\"column\" data-e-type=\"column\">\n\t\t\t<div class=\"elementor-widget-wrap elementor-element-populated\">\n\t\t\t\t\t\t<section class=\"elementor-section elementor-inner-section elementor-element elementor-element-4d11d88 elementor-section-boxed elementor-section-height-default elementor-section-height-default\" data-id=\"4d11d88\" data-element_type=\"section\" data-e-type=\"section\" data-settings=\"{&quot;background_background&quot;:&quot;classic&quot;}\">\n\t\t\t\t\t\t<div class=\"elementor-container elementor-column-gap-default\">\n\t\t\t\t\t<div class=\"elementor-column elementor-col-50 elementor-inner-column elementor-element elementor-element-93c0f56\" data-id=\"93c0f56\" data-element_type=\"column\" data-e-type=\"column\">\n\t\t\t<div class=\"elementor-widget-wrap elementor-element-populated\">\n\t\t\t\t\t\t<div class=\"elementor-element elementor-element-ee47f9e elementor-widget elementor-widget-heading\" data-id=\"ee47f9e\" data-element_type=\"widget\" data-e-type=\"widget\" data-widget_type=\"heading.default\">\n\t\t\t\t<div class=\"elementor-widget-container\">\n\t\t\t\t\t<h3 class=\"elementor-heading-title elementor-size-default\">TIRE REPLACEMENT<\/h3>\t\t\t\t<\/div>\n\t\t\t\t<\/div>\n\t\t\t\t<div class=\"elementor-element elementor-element-0ea2a86 elementor-widget__width-auto elementor-widget elementor-widget-htmega-datatable-addons\" data-id=\"0ea2a86\" data-element_type=\"widget\" data-e-type=\"widget\" data-widget_type=\"htmega-datatable-addons.default\">\n\t\t\t\t<div class=\"elementor-widget-container\">\n\t\t\t\t\t        <div class=\"htmega-table-style htmega-table-style-1 htb-table-responsive\">\n            <table class=\"htb-table\">\n                                    <thead>\n                        <tr>\n                            <th class='elementor-repeater-item-eed9c27'><\/th><th class='elementor-repeater-item-5b50f97'>13\u201c-14\u201c<\/th><th class='elementor-repeater-item-0767636'>15\u201c-16\u201c<\/th><th class='elementor-repeater-item-b237bbd'>17\u201c-18\u201c<\/th><th class='elementor-repeater-item-b3c95fe'>19\u201c-20\u201c<\/th><th class='elementor-repeater-item-445d09d'>21\u201c- ...<\/th>                        <\/tr>\n                    <\/thead>\n                                <tbody>\n                                            <tr>\n                            <td class=\"elementor-repeater-item-1c3f0d5\" >Passenger car tyres<\/td><td class=\"elementor-repeater-item-1505841\" >47\u20ac<\/td><td class=\"elementor-repeater-item-0e7fe00\" >50\u20ac<\/td><td class=\"elementor-repeater-item-7276e0d\" >62\u20ac<\/td><td class=\"elementor-repeater-item-e846722\" ><\/td><td class=\"elementor-repeater-item-49a6ec0\" ><\/td>                        <\/tr>\n                                            <tr>\n                            <td class=\"elementor-repeater-item-0682eab\" >Alloy rims<\/td><td class=\"elementor-repeater-item-10ebb82\" >50\u20ac<\/td><td class=\"elementor-repeater-item-8d0d50b\" >57\u20ac<\/td><td class=\"elementor-repeater-item-9f06a33\" >67\u20ac<\/td><td class=\"elementor-repeater-item-e5e757c\" >77\u20ac<\/td><td class=\"elementor-repeater-item-fd121bd\" >87\u20ac<\/td>                        <\/tr>\n                                            <tr>\n                            <td class=\"elementor-repeater-item-30a70ed\" >SUV<\/td><td class=\"elementor-repeater-item-febc58f\" >57\u20ac<\/td><td class=\"elementor-repeater-item-041371f\" >62\u20ac<\/td><td class=\"elementor-repeater-item-1dab74e\" >72\u20ac<\/td><td class=\"elementor-repeater-item-82c7f70\" >82\u20ac<\/td><td class=\"elementor-repeater-item-268a4eb\" >97\u20ac<\/td>                        <\/tr>\n                                            <tr>\n                            <td class=\"elementor-repeater-item-b85d0ce\" >Van<\/td><td class=\"elementor-repeater-item-b7111b5\" >47\u20ac<\/td><td class=\"elementor-repeater-item-106d07a\" >67\u20ac<\/td><td class=\"elementor-repeater-item-1f2c7d3\" >72\u20ac<\/td><td class=\"elementor-repeater-item-779fad5\" >82\u20ac<\/td><td class=\"elementor-repeater-item-6c5b014\" >97\u20ac<\/td>                        <\/tr>\n                                    <\/tbody>\n            <\/table>\n        <\/div>\n        \t\t\t\t<\/div>\n\t\t\t\t<\/div>\n\t\t\t\t<div class=\"elementor-element elementor-element-90efb01 elementor-widget-divider--view-line elementor-widget elementor-widget-divider\" data-id=\"90efb01\" data-element_type=\"widget\" data-e-type=\"widget\" data-widget_type=\"divider.default\">\n\t\t\t\t<div class=\"elementor-widget-container\">\n\t\t\t\t\t\t\t<div class=\"elementor-divider\">\n\t\t\t<span class=\"elementor-divider-separator\">\n\t\t\t\t\t\t<\/span>\n\t\t<\/div>\n\t\t\t\t\t\t<\/div>\n\t\t\t\t<\/div>\n\t\t\t\t<div class=\"elementor-element elementor-element-76d3a2b elementor-widget elementor-widget-text-editor\" data-id=\"76d3a2b\" data-element_type=\"widget\" data-e-type=\"widget\" data-widget_type=\"text-editor.default\">\n\t\t\t\t<div class=\"elementor-widget-container\">\n\t\t\t\t\t\t\t\t\t<p style=\"text-align: center;\"><strong>You can pay with cash and card.<\/strong><\/p><p style=\"text-align: center;\"><strong>The car tyre technician has the right to ask for extra pay if the job requires extra work.<\/strong><\/p><p style=\"text-align: center;\"><strong>The price of the service and the vehicle category are determined by the service provider.<\/strong><\/p><p><strong>\u00a0 \u00a0 \u00a0 \u00a0Peale rehvivahetust 100 km v\u00f5i 7 p\u00e4eva m\u00f6\u00f6dumist tuleb velje\u00a0 \u00a0 poldid\/mutrid \u00fcle pingutada.\u00a0\u00a0<\/strong><\/p>\t\t\t\t\t\t\t\t<\/div>\n\t\t\t\t<\/div>\n\t\t\t\t\t<\/div>\n\t\t<\/div>\n\t\t\t\t<div class=\"elementor-column elementor-col-50 elementor-inner-column elementor-element elementor-element-7f45287\" data-id=\"7f45287\" data-element_type=\"column\" data-e-type=\"column\">\n\t\t\t<div class=\"elementor-widget-wrap elementor-element-populated\">\n\t\t\t\t\t\t<div class=\"elementor-element elementor-element-426cf58 elementor-widget elementor-widget-heading\" data-id=\"426cf58\" data-element_type=\"widget\" data-e-type=\"widget\" data-widget_type=\"heading.default\">\n\t\t\t\t<div class=\"elementor-widget-container\">\n\t\t\t\t\t<h3 class=\"elementor-heading-title elementor-size-default\">LISATEENUSED<\/h3>\t\t\t\t<\/div>\n\t\t\t\t<\/div>\n\t\t\t\t<div class=\"elementor-element elementor-element-da8bb0c elementor-widget elementor-widget-text-editor\" data-id=\"da8bb0c\" data-element_type=\"widget\" data-e-type=\"widget\" data-widget_type=\"text-editor.default\">\n\t\t\t\t<div class=\"elementor-widget-container\">\n\t\t\t\t\t\t\t\t\t<table class=\"price-table-extra\"><tbody><tr><th style=\"text-align: left;\">Hoiustamine ( \u00dchest hooajast teiseni)<\/th><td>30\u20ac velgedeta, 34\u20ac &#8211; velgedega<\/td><\/tr><tr><th style=\"text-align: left;\">Tyre patch-plug repair<\/th><td>Al. 20\u20ac (lisandub rehvit\u00f6\u00f6de hind)<\/td><\/tr><tr><th style=\"text-align: left;\">Tyre vulcanisation<\/th><td>Al. 40\u20ac (lisandub rehvit\u00f6\u00f6de hind)<\/td><\/tr><tr><th style=\"text-align: left;\">Car repair<\/th><td>45\u20ac\/h<\/td><\/tr><tr><th style=\"text-align: left;\">Tire help<\/th><td>Kohales\u00f5it al. 45\u20ac + tunnihind 30\u20ac\/h<\/td><\/tr><tr><th style=\"text-align: left;\">Workspace rental<\/th><td>15\u20ac\/h<\/td><\/tr><tr><th style=\"text-align: left;\">Rim repair<\/th><td>Al. 50\u20ac<\/td><\/tr><tr><th style=\"text-align: left;\">Transport<\/th><td>Al. 30\u20ac tund<\/td><\/tr><tr><th style=\"text-align: left;\">Jalgratta v\u00f5i t\u00f5ukeratta rehvivahetus<\/th><td>Al. 20\u20ac<\/td><\/tr><\/tbody><\/table><p><style type=\"text\/css\">\ntable {<br \/>  border:0px solid black;<br \/>  border-collapse: collapse;<br \/>}<br \/>td {<br \/>    border: none;<br \/>}<br \/>tH {<br \/>    border: none;<br \/>}<br \/><\/style><\/p>\t\t\t\t\t\t\t\t<\/div>\n\t\t\t\t<\/div>\n\t\t\t\t\t<\/div>\n\t\t<\/div>\n\t\t\t\t\t<\/div>\n\t\t<\/section>\n\t\t\t\t\t<\/div>\n\t\t<\/div>\n\t\t\t\t\t<\/div>\n\t\t<\/section>\n\t\t\t\t<section class=\"elementor-section elementor-top-section elementor-element elementor-element-76ec80a1 elementor-section-boxed elementor-section-height-default elementor-section-height-default\" data-id=\"76ec80a1\" data-element_type=\"section\" data-e-type=\"section\" data-settings=\"{&quot;background_background&quot;:&quot;gradient&quot;}\">\n\t\t\t\t\t\t\t<div class=\"elementor-background-overlay\"><\/div>\n\t\t\t\t\t\t\t<div class=\"elementor-container elementor-column-gap-no\">\n\t\t\t\t\t<div class=\"elementor-column elementor-col-100 elementor-top-column elementor-element elementor-element-36b4a4c8\" data-id=\"36b4a4c8\" data-element_type=\"column\" data-e-type=\"column\" data-settings=\"{&quot;background_background&quot;:&quot;classic&quot;}\">\n\t\t\t<div class=\"elementor-widget-wrap elementor-element-populated\">\n\t\t\t\t\t\t<div class=\"elementor-element elementor-element-3f54256c elementor-widget elementor-widget-heading\" data-id=\"3f54256c\" data-element_type=\"widget\" data-e-type=\"widget\" data-widget_type=\"heading.default\">\n\t\t\t\t<div class=\"elementor-widget-container\">\n\t\t\t\t\t<h3 class=\"elementor-heading-title elementor-size-default\">BRONEERI AEG REHVIT\u00d6\u00d6DEKS JUBA T\u00c4NA<\/h3>\t\t\t\t<\/div>\n\t\t\t\t<\/div>\n\t\t\t\t<div class=\"elementor-element elementor-element-4fa08f19 elementor-widget elementor-widget-heading\" data-id=\"4fa08f19\" data-element_type=\"widget\" data-e-type=\"widget\" data-widget_type=\"heading.default\">\n\t\t\t\t<div class=\"elementor-widget-container\">\n\t\t\t\t\t<h2 class=\"elementor-heading-title elementor-size-default\"><a href=\"tel:+37253435660\">+372 5343 5660<\/a><\/h2>\t\t\t\t<\/div>\n\t\t\t\t<\/div>\n\t\t\t\t<div class=\"elementor-element elementor-element-2f747c5c elementor-widget-divider--view-line elementor-widget elementor-widget-divider\" data-id=\"2f747c5c\" data-element_type=\"widget\" data-e-type=\"widget\" data-widget_type=\"divider.default\">\n\t\t\t\t<div class=\"elementor-widget-container\">\n\t\t\t\t\t\t\t<div class=\"elementor-divider\">\n\t\t\t<span class=\"elementor-divider-separator\">\n\t\t\t\t\t\t<\/span>\n\t\t<\/div>\n\t\t\t\t\t\t<\/div>\n\t\t\t\t<\/div>\n\t\t\t\t<div class=\"elementor-element elementor-element-5153afd7 elementor-align-center elementor-mobile-align-center elementor-widget elementor-widget-button\" data-id=\"5153afd7\" data-element_type=\"widget\" data-e-type=\"widget\" data-widget_type=\"button.default\">\n\t\t\t\t<div class=\"elementor-widget-container\">\n\t\t\t\t\t\t\t\t\t<div class=\"elementor-button-wrapper\">\n\t\t\t\t\t<a class=\"elementor-button elementor-button-link elementor-size-md\" href=\"https:\/\/rettum.ee\/en\/broneeri\/\">\n\t\t\t\t\t\t<span class=\"elementor-button-content-wrapper\">\n\t\t\t\t\t\t<span class=\"elementor-button-icon\">\n\t\t\t\t<i aria-hidden=\"true\" class=\"far fa-calendar-check\"><\/i>\t\t\t<\/span>\n\t\t\t\t\t\t\t\t\t<span class=\"elementor-button-text\">BRONEERI  aeg Rehvivahetuseks <\/span>\n\t\t\t\t\t<\/span>\n\t\t\t\t\t<\/a>\n\t\t\t\t<\/div>\n\t\t\t\t\t\t\t\t<\/div>\n\t\t\t\t<\/div>\n\t\t\t\t\t<\/div>\n\t\t<\/div>\n\t\t\t\t\t<\/div>\n\t\t<\/section>\n\t\t\t\t<\/div>","protected":false},"excerpt":{"rendered":"<p>Hinnad REHVIVAHETUS 13\u201c-14\u201c 15\u201c-16\u201c 17\u201c-18\u201c 19\u201c-20\u201c 21\u201c- &#8230; Plekkvelg 47\u20ac 50\u20ac 62\u20ac Valuvelg 50\u20ac 57\u20ac 67\u20ac 77\u20ac 87\u20ac Maastur 57\u20ac 62\u20ac 72\u20ac 82\u20ac 97\u20ac Kaubik 47\u20ac 67\u20ac 72\u20ac 82\u20ac 97\u20ac Tasuda saab sularahas ja kaardiga. Meistril on \u00f5igus k\u00fcsida lisatasu s\u00f5ltuvalt t\u00f6\u00f6mahust. Teenuse hinna ja s\u00f5iduki kategooriasse kuuluvuse m\u00e4\u00e4rab teenusepakkuja. \u00a0 \u00a0 \u00a0 \u00a0Peale rehvivahetust [&hellip;]<\/p>\n","protected":false},"author":2,"featured_media":0,"parent":0,"menu_order":0,"comment_status":"closed","ping_status":"closed","template":"","meta":{"om_disable_all_campaigns":false,"_uf_show_specific_survey":0,"_uf_disable_surveys":false,"site-sidebar-layout":"no-sidebar","site-content-layout":"page-builder","ast-site-content-layout":"default","site-content-style":"default","site-sidebar-style":"default","ast-global-header-display":"","ast-banner-title-visibility":"","ast-main-header-display":"","ast-hfb-above-header-display":"","ast-hfb-below-header-display":"","ast-hfb-mobile-header-display":"","site-post-title":"disabled","ast-breadcrumbs-content":"","ast-featured-img":"disabled","footer-sml-layout":"","ast-disable-related-posts":"","theme-transparent-header-meta":"enabled","adv-header-id-meta":"","stick-header-meta":"","header-above-stick-meta":"","header-main-stick-meta":"","header-below-stick-meta":"","astra-migrate-meta-layouts":"default","ast-page-background-enabled":"default","ast-page-background-meta":{"desktop":{"background-color":"","background-image":"","background-repeat":"repeat","background-position":"center center","background-size":"auto","background-attachment":"scroll","background-type":"","background-media":"","overlay-type":"","overlay-color":"","overlay-opacity":"","overlay-gradient":""},"tablet":{"background-color":"","background-image":"","background-repeat":"repeat","background-position":"center center","background-size":"auto","background-attachment":"scroll","background-type":"","background-media":"","overlay-type":"","overlay-color":"","overlay-opacity":"","overlay-gradient":""},"mobile":{"background-color":"","background-image":"","background-repeat":"repeat","background-position":"center center","background-size":"auto","background-attachment":"scroll","background-type":"","background-media":"","overlay-type":"","overlay-color":"","overlay-opacity":"","overlay-gradient":""}},"ast-content-background-meta":{"desktop":{"background-color":"var(--ast-global-color-5)","background-image":"","background-repeat":"repeat","background-position":"center center","background-size":"auto","background-attachment":"scroll","background-type":"","background-media":"","overlay-type":"","overlay-color":"","overlay-opacity":"","overlay-gradient":""},"tablet":{"background-color":"var(--ast-global-color-5)","background-image":"","background-repeat":"repeat","background-position":"center center","background-size":"auto","background-attachment":"scroll","background-type":"","background-media":"","overlay-type":"","overlay-color":"","overlay-opacity":"","overlay-gradient":""},"mobile":{"background-color":"var(--ast-global-color-5)","background-image":"","background-repeat":"repeat","background-position":"center center","background-size":"auto","background-attachment":"scroll","background-type":"","background-media":"","overlay-type":"","overlay-color":"","overlay-opacity":"","overlay-gradient":""}},"footnotes":""},"class_list":["post-2215","page","type-page","status-publish","hentry"],"aioseo_notices":[],"_links":{"self":[{"href":"https:\/\/rettum.ee\/en\/wp-json\/wp\/v2\/pages\/2215","targetHints":{"allow":["GET"]}}],"collection":[{"href":"https:\/\/rettum.ee\/en\/wp-json\/wp\/v2\/pages"}],"about":[{"href":"https:\/\/rettum.ee\/en\/wp-json\/wp\/v2\/types\/page"}],"author":[{"embeddable":true,"href":"https:\/\/rettum.ee\/en\/wp-json\/wp\/v2\/users\/2"}],"replies":[{"embeddable":true,"href":"https:\/\/rettum.ee\/en\/wp-json\/wp\/v2\/comments?post=2215"}],"version-history":[{"count":5,"href":"https:\/\/rettum.ee\/en\/wp-json\/wp\/v2\/pages\/2215\/revisions"}],"predecessor-version":[{"id":3330,"href":"https:\/\/rettum.ee\/en\/wp-json\/wp\/v2\/pages\/2215\/revisions\/3330"}],"wp:attachment":[{"href":"https:\/\/rettum.ee\/en\/wp-json\/wp\/v2\/media?parent=2215"}],"curies":[{"name":"wp","href":"https:\/\/api.w.org\/{rel}","templated":true}]}}