{"id":2350,"date":"2023-01-26T17:03:16","date_gmt":"2023-01-26T17:03:16","guid":{"rendered":"https:\/\/www.rettum.ee\/?page_id=2350"},"modified":"2024-10-26T16:40:44","modified_gmt":"2024-10-26T13:40:44","slug":"meist","status":"publish","type":"page","link":"https:\/\/rettum.ee\/en\/meist\/","title":{"rendered":"About us"},"content":{"rendered":"<div data-elementor-type=\"wp-post\" data-elementor-id=\"2350\" class=\"elementor elementor-2350\">\n\t\t\t\t\t\t<section class=\"elementor-section elementor-top-section elementor-element elementor-element-b0d353c elementor-section-boxed elementor-section-height-default elementor-section-height-default\" data-id=\"b0d353c\" data-element_type=\"section\" data-e-type=\"section\" data-settings=\"{&quot;background_background&quot;:&quot;classic&quot;}\">\n\t\t\t\t\t\t\t<div class=\"elementor-background-overlay\"><\/div>\n\t\t\t\t\t\t\t<div class=\"elementor-container elementor-column-gap-no\">\n\t\t\t\t\t<div class=\"elementor-column elementor-col-100 elementor-top-column elementor-element elementor-element-c9b84a8\" data-id=\"c9b84a8\" data-element_type=\"column\" data-e-type=\"column\" data-settings=\"{&quot;background_background&quot;:&quot;classic&quot;}\">\n\t\t\t<div class=\"elementor-widget-wrap elementor-element-populated\">\n\t\t\t\t\t\t<div class=\"elementor-element elementor-element-e36dc84 elementor-invisible elementor-widget elementor-widget-heading\" data-id=\"e36dc84\" data-element_type=\"widget\" data-e-type=\"widget\" data-settings=\"{&quot;_animation&quot;:&quot;pulse&quot;}\" data-widget_type=\"heading.default\">\n\t\t\t\t<div class=\"elementor-widget-container\">\n\t\t\t\t\t<h1 class=\"elementor-heading-title elementor-size-default\">Our story<\/h1>\t\t\t\t<\/div>\n\t\t\t\t<\/div>\n\t\t\t\t<div class=\"elementor-element elementor-element-7dc7ff2 elementor-widget-divider--view-line elementor-widget elementor-widget-divider\" data-id=\"7dc7ff2\" data-element_type=\"widget\" data-e-type=\"widget\" data-widget_type=\"divider.default\">\n\t\t\t\t<div class=\"elementor-widget-container\">\n\t\t\t\t\t\t\t<div class=\"elementor-divider\">\n\t\t\t<span class=\"elementor-divider-separator\">\n\t\t\t\t\t\t<\/span>\n\t\t<\/div>\n\t\t\t\t\t\t<\/div>\n\t\t\t\t<\/div>\n\t\t\t\t\t<\/div>\n\t\t<\/div>\n\t\t\t\t\t<\/div>\n\t\t<\/section>\n\t\t\t\t<section class=\"elementor-section elementor-top-section elementor-element elementor-element-c48af61 elementor-section-boxed elementor-section-height-default elementor-section-height-default\" data-id=\"c48af61\" data-element_type=\"section\" data-e-type=\"section\" data-settings=\"{&quot;background_background&quot;:&quot;classic&quot;}\">\n\t\t\t\t\t\t\t<div class=\"elementor-background-overlay\"><\/div>\n\t\t\t\t\t\t\t<div class=\"elementor-container elementor-column-gap-no\">\n\t\t\t\t\t<div class=\"elementor-column elementor-col-100 elementor-top-column elementor-element elementor-element-fed7aae\" data-id=\"fed7aae\" data-element_type=\"column\" data-e-type=\"column\">\n\t\t\t<div class=\"elementor-widget-wrap elementor-element-populated\">\n\t\t\t\t\t\t<div class=\"elementor-element elementor-element-5aca73f elementor-widget elementor-widget-text-editor\" data-id=\"5aca73f\" data-element_type=\"widget\" data-e-type=\"widget\" data-widget_type=\"text-editor.default\">\n\t\t\t\t<div class=\"elementor-widget-container\">\n\t\t\t\t\t\t\t\t\t<h6><strong>A year was a long time ago<\/strong><\/h6><p>Kunagi, kui muru oli rohelisem ja taevas sinisem ning v\u00e4ljas puhus k\u00fclm ja tugev tuul, seisin oma vanavanemate suvila trepil ja imetlesin, kuidas tuul kruusateel kive edasi veeretas. \u00dchel hetkel kaotasin tasakaalu ja kukkusin oma vanaisa Mosse esiratta ventiili otsa, mille tulemusena jooksis peast ohtrasti verd&#8230; Kuidas on v\u00f5imalik leida veljel \u00fcles see v\u00e4ike ventiil?<\/p><p>Edasi l\u00e4ks k\u00f5ik tavap\u00e4raselt \u2013 traumapunkt ja arm kogu eluks. Aastad m\u00f6\u00f6dusid, kuni 2006. aastal oli vaja leida praktikakoht. T\u00f6\u00f6koda, mis asus Peterburi maantee \u00e4\u00e4res, oli n\u00f5us mind praktikandiks v\u00f5tma (olin varasemalt \u00f5ppinud autoremonti). Minu esimeseks \u00fclesandeks oli auto \u00fcles t\u00f5sta ja rattad eemaldada, ning hiljem k\u00f5ik vastupidises j\u00e4rjekorras tagasi panna, et rehvid uuesti alla ja auto maha lasta. Peale praktikat j\u00e4in sinna t\u00f6\u00f6le kuni 2007. aastani. Tolle aasta novembri l\u00f5pus arvasin, et mina, tore, s\u00e4rav ja tark noormees, vajan uusi v\u00e4ljakutseid ja mind hinnatakse mujal rohkemgi. See sama tark noormees ei kuulanud aga uudiseid ega aimanudki, et ees ootab majanduskrahh. L\u00f5in \u00fclbelt ukse kinni ja ees ootasid karmid aastad.<\/p><p>\u00dchtki head kriisi ei saa raisku lasta \u2013 kasutasin aega targalt ja k\u00e4isin \u00e4ra kaitsev\u00e4es. 2011. aasta kevadel helistas mulle mu endine \u00fclemus ja kutsus mind tagasi. J\u00e4tsin maha oma senise t\u00f6\u00f6 ja naasesin tagasi rehvipinkide juurde. 2013. aasta suvel tuli minu juurde meie p\u00fcsiklient ja pakkus mulle head t\u00f6\u00f6otsa. Tegin seal proovin\u00e4dala ja olin taaskord h\u00e4mmingus: kas j\u00e4tta maha t\u00f6\u00f6, mida armastan, ja alustada uut, huvitavat kogemust?<\/p><p>Taaskord t\u00e4rkas minus m\u00f5te \u2013 kas mina, tore, tark ja osav noormees, v\u00f5iksin olla rohkem v\u00e4\u00e4rt? Otsustasin r\u00e4\u00e4kida ka oma rehvit\u00f6\u00f6koja omanikuga. Tulemusena sain endale kogu ettev\u00f5tte. N\u00fc\u00fcd oli vaja uuele firmale nimi v\u00e4lja m\u00f5elda. Soovisin leida midagi huvitavat, kuid samas mitte otseselt rehvidega seotud nime. Paremat nime kui Rettum ma v\u00e4lja m\u00f5elda ei suutnud. Kuidas on Rettum seotud rehvidega?<\/p><p>Millel on rehvid? Millega on see auto k\u00fcljes kinni?<\/p><p>Esimene vastus on velg ja teine on mutter. Mutter tagurpidi on Rettum.<\/p><p>Oleme seda Rettumi vankrit vedanud alates 2014. aastast nagu ikka \u2013 \u00fcles m\u00e4ge ja vastu tuult.<\/p>\t\t\t\t\t\t\t\t<\/div>\n\t\t\t\t<\/div>\n\t\t\t\t<div class=\"elementor-element elementor-element-be60ff4 elementor-widget elementor-widget-htmega-carousel-addons\" data-id=\"be60ff4\" data-element_type=\"widget\" data-e-type=\"widget\" data-widget_type=\"htmega-carousel-addons.default\">\n\t\t\t\t<div class=\"elementor-widget-container\">\n\t\t\t\t\t\n       <div class=\"ht-custom-carousel htmega-carousel-activation htmega-carousel-style-3 htmega-carousel-animation-style-\" dir=\"ltr\" data-settings=\"{&quot;arrows&quot;:true,&quot;arrow_prev_txt&quot;:&quot;&lt;i class=\\&quot;fa fa-angle-left\\&quot;&gt;&lt;\\\/i&gt;&quot;,&quot;arrow_next_txt&quot;:&quot;&lt;i class=\\&quot;fa fa-angle-right\\&quot;&gt;&lt;\\\/i&gt;&quot;,&quot;dots&quot;:false,&quot;autoplay&quot;:false,&quot;autoplay_speed&quot;:3000,&quot;animation_speed&quot;:300,&quot;pause_on_hover&quot;:true,&quot;center_mode&quot;:false,&quot;vertical_mode&quot;:false,&quot;center_padding&quot;:&quot;0px&quot;,&quot;display_columns&quot;:3,&quot;scroll_columns&quot;:1,&quot;tablet_width&quot;:1024,&quot;tablet_display_columns&quot;:2,&quot;tablet_scroll_columns&quot;:2,&quot;mobile_width&quot;:480,&quot;mobile_display_columns&quot;:1,&quot;mobile_scroll_columns&quot;:1}\" style=\"display:none\">\n\n                            <div class=\"single-custom-carousel htmega-data-title\" data-title=\"\">\n                                            <img fetchpriority=\"high\" decoding=\"async\" width=\"300\" height=\"225\" src=\"https:\/\/www.rettum.ee\/wp-content\/uploads\/2023\/01\/IMG_20210916_145952-300x225.jpg\" class=\"attachment-medium size-medium wp-image-2367\" alt=\"Bussi rehvivahetus\" srcset=\"https:\/\/www.rettum.ee\/wp-content\/uploads\/2023\/01\/IMG_20210916_145952-300x225.jpg 300w, https:\/\/www.rettum.ee\/wp-content\/uploads\/2023\/01\/IMG_20210916_145952-1024x768.jpg 1024w, https:\/\/www.rettum.ee\/wp-content\/uploads\/2023\/01\/IMG_20210916_145952-768x576.jpg 768w, https:\/\/www.rettum.ee\/wp-content\/uploads\/2023\/01\/IMG_20210916_145952-1536x1152.jpg 1536w, https:\/\/www.rettum.ee\/wp-content\/uploads\/2023\/01\/IMG_20210916_145952-2048x1536.jpg 2048w, https:\/\/www.rettum.ee\/wp-content\/uploads\/2023\/01\/IMG_20210916_145952-scaled.jpg 1440w\" sizes=\"(max-width: 300px) 100vw, 300px\" \/>                                    <\/div>\n                            <div class=\"single-custom-carousel htmega-data-title\" data-title=\"\">\n                                            <img decoding=\"async\" width=\"300\" height=\"200\" src=\"https:\/\/www.rettum.ee\/wp-content\/uploads\/2023\/01\/EMF_5295-300x200.jpg\" class=\"attachment-medium size-medium wp-image-2373\" alt=\"Mercedes Benz rehvivahetus\" srcset=\"https:\/\/www.rettum.ee\/wp-content\/uploads\/2023\/01\/EMF_5295-300x200.jpg 300w, https:\/\/www.rettum.ee\/wp-content\/uploads\/2023\/01\/EMF_5295-1024x684.jpg 1024w, https:\/\/www.rettum.ee\/wp-content\/uploads\/2023\/01\/EMF_5295-768x513.jpg 768w, https:\/\/www.rettum.ee\/wp-content\/uploads\/2023\/01\/EMF_5295-1536x1025.jpg 1536w, https:\/\/www.rettum.ee\/wp-content\/uploads\/2023\/01\/EMF_5295-2048x1367.jpg 2048w, https:\/\/www.rettum.ee\/wp-content\/uploads\/2023\/01\/EMF_5295-scaled.jpg 1618w\" sizes=\"(max-width: 300px) 100vw, 300px\" \/>                                    <\/div>\n                            <div class=\"single-custom-carousel htmega-data-title\" data-title=\"\">\n                                            <img decoding=\"async\" width=\"300\" height=\"225\" src=\"https:\/\/www.rettum.ee\/wp-content\/uploads\/2023\/01\/IMG_20200122_104153-300x225.jpg\" class=\"attachment-medium size-medium wp-image-2376\" alt=\"Bussid k\u00f5rvuti\" srcset=\"https:\/\/www.rettum.ee\/wp-content\/uploads\/2023\/01\/IMG_20200122_104153-300x225.jpg 300w, https:\/\/www.rettum.ee\/wp-content\/uploads\/2023\/01\/IMG_20200122_104153-1024x768.jpg 1024w, https:\/\/www.rettum.ee\/wp-content\/uploads\/2023\/01\/IMG_20200122_104153-768x576.jpg 768w, https:\/\/www.rettum.ee\/wp-content\/uploads\/2023\/01\/IMG_20200122_104153-1536x1152.jpg 1536w, https:\/\/www.rettum.ee\/wp-content\/uploads\/2023\/01\/IMG_20200122_104153-2048x1536.jpg 2048w, https:\/\/www.rettum.ee\/wp-content\/uploads\/2023\/01\/IMG_20200122_104153-scaled.jpg 1440w\" sizes=\"(max-width: 300px) 100vw, 300px\" \/>                                    <\/div>\n                            <div class=\"single-custom-carousel htmega-data-title\" data-title=\"\">\n                                            <img loading=\"lazy\" decoding=\"async\" width=\"300\" height=\"225\" src=\"https:\/\/www.rettum.ee\/wp-content\/uploads\/2023\/01\/IMG_20210209_140841-300x225.jpg\" class=\"attachment-medium size-medium wp-image-2375\" alt=\"Yandex auto rehvivahetus\" srcset=\"https:\/\/www.rettum.ee\/wp-content\/uploads\/2023\/01\/IMG_20210209_140841-300x225.jpg 300w, https:\/\/www.rettum.ee\/wp-content\/uploads\/2023\/01\/IMG_20210209_140841-1024x768.jpg 1024w, https:\/\/www.rettum.ee\/wp-content\/uploads\/2023\/01\/IMG_20210209_140841-768x576.jpg 768w, https:\/\/www.rettum.ee\/wp-content\/uploads\/2023\/01\/IMG_20210209_140841-1536x1152.jpg 1536w, https:\/\/www.rettum.ee\/wp-content\/uploads\/2023\/01\/IMG_20210209_140841-2048x1536.jpg 2048w, https:\/\/www.rettum.ee\/wp-content\/uploads\/2023\/01\/IMG_20210209_140841-scaled.jpg 1440w\" sizes=\"(max-width: 300px) 100vw, 300px\" \/>                                    <\/div>\n                            <div class=\"single-custom-carousel htmega-data-title\" data-title=\"\">\n                                            <img loading=\"lazy\" decoding=\"async\" width=\"300\" height=\"225\" src=\"https:\/\/www.rettum.ee\/wp-content\/uploads\/2023\/01\/IMG_20220322_121308-300x225.jpg\" class=\"attachment-medium size-medium wp-image-2378\" alt=\"Rehvid\" srcset=\"https:\/\/www.rettum.ee\/wp-content\/uploads\/2023\/01\/IMG_20220322_121308-300x225.jpg 300w, https:\/\/www.rettum.ee\/wp-content\/uploads\/2023\/01\/IMG_20220322_121308-1024x768.jpg 1024w, https:\/\/www.rettum.ee\/wp-content\/uploads\/2023\/01\/IMG_20220322_121308-768x576.jpg 768w, https:\/\/www.rettum.ee\/wp-content\/uploads\/2023\/01\/IMG_20220322_121308-1536x1152.jpg 1536w, https:\/\/www.rettum.ee\/wp-content\/uploads\/2023\/01\/IMG_20220322_121308-2048x1536.jpg 2048w, https:\/\/www.rettum.ee\/wp-content\/uploads\/2023\/01\/IMG_20220322_121308-scaled.jpg 1440w\" sizes=\"(max-width: 300px) 100vw, 300px\" \/>                                    <\/div>\n                            <div class=\"single-custom-carousel htmega-data-title\" data-title=\"\">\n                                            <img loading=\"lazy\" decoding=\"async\" width=\"300\" height=\"225\" src=\"https:\/\/www.rettum.ee\/wp-content\/uploads\/2023\/01\/IMG_20190613_143839-300x225.jpg\" class=\"attachment-medium size-medium wp-image-2379\" alt=\"Rehvipark\" srcset=\"https:\/\/www.rettum.ee\/wp-content\/uploads\/2023\/01\/IMG_20190613_143839-300x225.jpg 300w, https:\/\/www.rettum.ee\/wp-content\/uploads\/2023\/01\/IMG_20190613_143839-1024x768.jpg 1024w, https:\/\/www.rettum.ee\/wp-content\/uploads\/2023\/01\/IMG_20190613_143839-768x576.jpg 768w, https:\/\/www.rettum.ee\/wp-content\/uploads\/2023\/01\/IMG_20190613_143839-1536x1152.jpg 1536w, https:\/\/www.rettum.ee\/wp-content\/uploads\/2023\/01\/IMG_20190613_143839-2048x1536.jpg 2048w, https:\/\/www.rettum.ee\/wp-content\/uploads\/2023\/01\/IMG_20190613_143839-scaled.jpg 1440w\" sizes=\"(max-width: 300px) 100vw, 300px\" \/>                                    <\/div>\n                            <div class=\"single-custom-carousel htmega-data-title\" data-title=\"\">\n                                            <img loading=\"lazy\" decoding=\"async\" width=\"300\" height=\"200\" src=\"https:\/\/www.rettum.ee\/wp-content\/uploads\/2023\/01\/EMF_5315-300x200.jpg\" class=\"attachment-medium size-medium wp-image-2380\" alt=\"Rehvivahetus l\u00e4hemalt\" srcset=\"https:\/\/www.rettum.ee\/wp-content\/uploads\/2023\/01\/EMF_5315-300x200.jpg 300w, https:\/\/www.rettum.ee\/wp-content\/uploads\/2023\/01\/EMF_5315-1024x684.jpg 1024w, https:\/\/www.rettum.ee\/wp-content\/uploads\/2023\/01\/EMF_5315-768x513.jpg 768w, https:\/\/www.rettum.ee\/wp-content\/uploads\/2023\/01\/EMF_5315-1536x1025.jpg 1536w, https:\/\/www.rettum.ee\/wp-content\/uploads\/2023\/01\/EMF_5315-2048x1367.jpg 2048w, https:\/\/www.rettum.ee\/wp-content\/uploads\/2023\/01\/EMF_5315-scaled.jpg 1618w\" sizes=\"(max-width: 300px) 100vw, 300px\" \/>                                    <\/div>\n            \n        <\/div>\n\n        \t\t\t\t<\/div>\n\t\t\t\t<\/div>\n\t\t\t\t\t<\/div>\n\t\t<\/div>\n\t\t\t\t\t<\/div>\n\t\t<\/section>\n\t\t\t\t<section class=\"elementor-section elementor-top-section elementor-element elementor-element-76ec80a1 elementor-section-boxed elementor-section-height-default elementor-section-height-default\" data-id=\"76ec80a1\" data-element_type=\"section\" data-e-type=\"section\" data-settings=\"{&quot;background_background&quot;:&quot;gradient&quot;}\">\n\t\t\t\t\t\t\t<div class=\"elementor-background-overlay\"><\/div>\n\t\t\t\t\t\t\t<div class=\"elementor-container elementor-column-gap-no\">\n\t\t\t\t\t<div class=\"elementor-column elementor-col-100 elementor-top-column elementor-element elementor-element-36b4a4c8\" data-id=\"36b4a4c8\" data-element_type=\"column\" data-e-type=\"column\" data-settings=\"{&quot;background_background&quot;:&quot;classic&quot;}\">\n\t\t\t<div class=\"elementor-widget-wrap elementor-element-populated\">\n\t\t\t\t\t\t<div class=\"elementor-element elementor-element-3f54256c elementor-widget elementor-widget-heading\" data-id=\"3f54256c\" data-element_type=\"widget\" data-e-type=\"widget\" data-widget_type=\"heading.default\">\n\t\t\t\t<div class=\"elementor-widget-container\">\n\t\t\t\t\t<h3 class=\"elementor-heading-title elementor-size-default\">BOOK AN APPOINTMENT TODAY<\/h3>\t\t\t\t<\/div>\n\t\t\t\t<\/div>\n\t\t\t\t<div class=\"elementor-element elementor-element-4fa08f19 elementor-widget elementor-widget-heading\" data-id=\"4fa08f19\" data-element_type=\"widget\" data-e-type=\"widget\" data-widget_type=\"heading.default\">\n\t\t\t\t<div class=\"elementor-widget-container\">\n\t\t\t\t\t<h2 class=\"elementor-heading-title elementor-size-default\"><a href=\"tel:+37253435660\">+372 5343 5660<\/a><\/h2>\t\t\t\t<\/div>\n\t\t\t\t<\/div>\n\t\t\t\t<div class=\"elementor-element elementor-element-2f747c5c elementor-widget-divider--view-line elementor-widget elementor-widget-divider\" data-id=\"2f747c5c\" data-element_type=\"widget\" data-e-type=\"widget\" data-widget_type=\"divider.default\">\n\t\t\t\t<div class=\"elementor-widget-container\">\n\t\t\t\t\t\t\t<div class=\"elementor-divider\">\n\t\t\t<span class=\"elementor-divider-separator\">\n\t\t\t\t\t\t<\/span>\n\t\t<\/div>\n\t\t\t\t\t\t<\/div>\n\t\t\t\t<\/div>\n\t\t\t\t<div class=\"elementor-element elementor-element-5153afd7 elementor-align-center elementor-mobile-align-center elementor-widget elementor-widget-button\" data-id=\"5153afd7\" data-element_type=\"widget\" data-e-type=\"widget\" data-widget_type=\"button.default\">\n\t\t\t\t<div class=\"elementor-widget-container\">\n\t\t\t\t\t\t\t\t\t<div class=\"elementor-button-wrapper\">\n\t\t\t\t\t<a class=\"elementor-button elementor-button-link elementor-size-md\" href=\"https:\/\/rettum.ee\/en\/broneeri\/\">\n\t\t\t\t\t\t<span class=\"elementor-button-content-wrapper\">\n\t\t\t\t\t\t<span class=\"elementor-button-icon\">\n\t\t\t\t<i aria-hidden=\"true\" class=\"far fa-calendar-check\"><\/i>\t\t\t<\/span>\n\t\t\t\t\t\t\t\t\t<span class=\"elementor-button-text\">BOOK NOW<\/span>\n\t\t\t\t\t<\/span>\n\t\t\t\t\t<\/a>\n\t\t\t\t<\/div>\n\t\t\t\t\t\t\t\t<\/div>\n\t\t\t\t<\/div>\n\t\t\t\t\t<\/div>\n\t\t<\/div>\n\t\t\t\t\t<\/div>\n\t\t<\/section>\n\t\t\t\t<\/div>","protected":false},"excerpt":{"rendered":"<p>Meie lugu Aasta oli kaua aega tagasi Kunagi, kui muru oli rohelisem ja taevas sinisem ning v\u00e4ljas puhus k\u00fclm ja tugev tuul, seisin oma vanavanemate suvila trepil ja imetlesin, kuidas tuul kruusateel kive edasi veeretas. \u00dchel hetkel kaotasin tasakaalu ja kukkusin oma vanaisa Mosse esiratta ventiili otsa, mille tulemusena jooksis peast ohtrasti verd&#8230; Kuidas on [&hellip;]<\/p>\n","protected":false},"author":2,"featured_media":0,"parent":0,"menu_order":0,"comment_status":"closed","ping_status":"closed","template":"","meta":{"om_disable_all_campaigns":false,"_uf_show_specific_survey":0,"_uf_disable_surveys":false,"site-sidebar-layout":"no-sidebar","site-content-layout":"page-builder","ast-site-content-layout":"default","site-content-style":"default","site-sidebar-style":"default","ast-global-header-display":"","ast-banner-title-visibility":"","ast-main-header-display":"","ast-hfb-above-header-display":"","ast-hfb-below-header-display":"","ast-hfb-mobile-header-display":"","site-post-title":"disabled","ast-breadcrumbs-content":"","ast-featured-img":"disabled","footer-sml-layout":"","ast-disable-related-posts":"","theme-transparent-header-meta":"enabled","adv-header-id-meta":"","stick-header-meta":"","header-above-stick-meta":"","header-main-stick-meta":"","header-below-stick-meta":"","astra-migrate-meta-layouts":"default","ast-page-background-enabled":"default","ast-page-background-meta":{"desktop":{"background-color":"","background-image":"","background-repeat":"repeat","background-position":"center center","background-size":"auto","background-attachment":"scroll","background-type":"","background-media":"","overlay-type":"","overlay-color":"","overlay-opacity":"","overlay-gradient":""},"tablet":{"background-color":"","background-image":"","background-repeat":"repeat","background-position":"center center","background-size":"auto","background-attachment":"scroll","background-type":"","background-media":"","overlay-type":"","overlay-color":"","overlay-opacity":"","overlay-gradient":""},"mobile":{"background-color":"","background-image":"","background-repeat":"repeat","background-position":"center center","background-size":"auto","background-attachment":"scroll","background-type":"","background-media":"","overlay-type":"","overlay-color":"","overlay-opacity":"","overlay-gradient":""}},"ast-content-background-meta":{"desktop":{"background-color":"var(--ast-global-color-5)","background-image":"","background-repeat":"repeat","background-position":"center center","background-size":"auto","background-attachment":"scroll","background-type":"","background-media":"","overlay-type":"","overlay-color":"","overlay-opacity":"","overlay-gradient":""},"tablet":{"background-color":"var(--ast-global-color-5)","background-image":"","background-repeat":"repeat","background-position":"center center","background-size":"auto","background-attachment":"scroll","background-type":"","background-media":"","overlay-type":"","overlay-color":"","overlay-opacity":"","overlay-gradient":""},"mobile":{"background-color":"var(--ast-global-color-5)","background-image":"","background-repeat":"repeat","background-position":"center center","background-size":"auto","background-attachment":"scroll","background-type":"","background-media":"","overlay-type":"","overlay-color":"","overlay-opacity":"","overlay-gradient":""}},"footnotes":""},"class_list":["post-2350","page","type-page","status-publish","hentry"],"aioseo_notices":[],"_links":{"self":[{"href":"https:\/\/rettum.ee\/en\/wp-json\/wp\/v2\/pages\/2350","targetHints":{"allow":["GET"]}}],"collection":[{"href":"https:\/\/rettum.ee\/en\/wp-json\/wp\/v2\/pages"}],"about":[{"href":"https:\/\/rettum.ee\/en\/wp-json\/wp\/v2\/types\/page"}],"author":[{"embeddable":true,"href":"https:\/\/rettum.ee\/en\/wp-json\/wp\/v2\/users\/2"}],"replies":[{"embeddable":true,"href":"https:\/\/rettum.ee\/en\/wp-json\/wp\/v2\/comments?post=2350"}],"version-history":[{"count":0,"href":"https:\/\/rettum.ee\/en\/wp-json\/wp\/v2\/pages\/2350\/revisions"}],"wp:attachment":[{"href":"https:\/\/rettum.ee\/en\/wp-json\/wp\/v2\/media?parent=2350"}],"curies":[{"name":"wp","href":"https:\/\/api.w.org\/{rel}","templated":true}]}}