{"id":2525,"date":"2023-02-26T14:23:39","date_gmt":"2023-02-26T14:23:39","guid":{"rendered":"https:\/\/www.rettum.ee\/?page_id=2525"},"modified":"2024-09-08T22:03:04","modified_gmt":"2024-09-08T19:03:04","slug":"hoiustamine","status":"publish","type":"page","link":"https:\/\/rettum.ee\/en\/hoiustamine\/","title":{"rendered":"Storage of tyres"},"content":{"rendered":"<div data-elementor-type=\"wp-post\" data-elementor-id=\"2525\" class=\"elementor elementor-2525\">\n\t\t\t\t\t\t<section class=\"elementor-section elementor-top-section elementor-element elementor-element-b0d353c elementor-section-boxed elementor-section-height-default elementor-section-height-default\" data-id=\"b0d353c\" data-element_type=\"section\" data-e-type=\"section\" data-settings=\"{&quot;background_background&quot;:&quot;classic&quot;}\">\n\t\t\t\t\t\t\t<div class=\"elementor-background-overlay\"><\/div>\n\t\t\t\t\t\t\t<div class=\"elementor-container elementor-column-gap-no\">\n\t\t\t\t\t<div class=\"elementor-column elementor-col-100 elementor-top-column elementor-element elementor-element-c9b84a8\" data-id=\"c9b84a8\" data-element_type=\"column\" data-e-type=\"column\" data-settings=\"{&quot;background_background&quot;:&quot;classic&quot;}\">\n\t\t\t<div class=\"elementor-widget-wrap elementor-element-populated\">\n\t\t\t\t\t\t<div class=\"elementor-element elementor-element-e36dc84 elementor-invisible elementor-widget elementor-widget-heading\" data-id=\"e36dc84\" data-element_type=\"widget\" data-e-type=\"widget\" data-settings=\"{&quot;_animation&quot;:&quot;pulse&quot;}\" data-widget_type=\"heading.default\">\n\t\t\t\t<div class=\"elementor-widget-container\">\n\t\t\t\t\t<h1 class=\"elementor-heading-title elementor-size-default\">Storage of tyres<\/h1>\t\t\t\t<\/div>\n\t\t\t\t<\/div>\n\t\t\t\t<div class=\"elementor-element elementor-element-7dc7ff2 elementor-widget-divider--view-line elementor-widget elementor-widget-divider\" data-id=\"7dc7ff2\" data-element_type=\"widget\" data-e-type=\"widget\" data-widget_type=\"divider.default\">\n\t\t\t\t<div class=\"elementor-widget-container\">\n\t\t\t\t\t\t\t<div class=\"elementor-divider\">\n\t\t\t<span class=\"elementor-divider-separator\">\n\t\t\t\t\t\t<\/span>\n\t\t<\/div>\n\t\t\t\t\t\t<\/div>\n\t\t\t\t<\/div>\n\t\t\t\t\t<\/div>\n\t\t<\/div>\n\t\t\t\t\t<\/div>\n\t\t<\/section>\n\t\t\t\t<section class=\"elementor-section elementor-top-section elementor-element elementor-element-c48af61 elementor-section-boxed elementor-section-height-default elementor-section-height-default\" data-id=\"c48af61\" data-element_type=\"section\" data-e-type=\"section\" data-settings=\"{&quot;background_background&quot;:&quot;classic&quot;}\">\n\t\t\t\t\t\t\t<div class=\"elementor-background-overlay\"><\/div>\n\t\t\t\t\t\t\t<div class=\"elementor-container elementor-column-gap-no\">\n\t\t\t\t\t<div class=\"elementor-column elementor-col-100 elementor-top-column elementor-element elementor-element-fed7aae\" data-id=\"fed7aae\" data-element_type=\"column\" data-e-type=\"column\">\n\t\t\t<div class=\"elementor-widget-wrap elementor-element-populated\">\n\t\t\t\t\t\t<section class=\"elementor-section elementor-inner-section elementor-element elementor-element-040e342 elementor-section-boxed elementor-section-height-default elementor-section-height-default\" data-id=\"040e342\" data-element_type=\"section\" data-e-type=\"section\">\n\t\t\t\t\t\t<div class=\"elementor-container elementor-column-gap-default\">\n\t\t\t\t\t<div class=\"elementor-column elementor-col-50 elementor-inner-column elementor-element elementor-element-edbf2ef\" data-id=\"edbf2ef\" data-element_type=\"column\" data-e-type=\"column\">\n\t\t\t<div class=\"elementor-widget-wrap elementor-element-populated\">\n\t\t\t\t\t\t<div class=\"elementor-element elementor-element-5aca73f elementor-widget elementor-widget-text-editor\" data-id=\"5aca73f\" data-element_type=\"widget\" data-e-type=\"widget\" data-widget_type=\"text-editor.default\">\n\t\t\t\t<div class=\"elementor-widget-container\">\n\t\t\t\t\t\t\t\t\tRehvide hoiustamine Tallinnas \u2013 mugav ja turvaline lahendus teie rehvidele\n\nPakume rehvide hoiustamise teenust, mis on kasulik k\u00f5igile klientidele, kes soovivad hoida oma rehve turvaliselt ja ruumis\u00e4\u00e4stlikult. Meie teenuse populaarsus on kiiresti kasvanud, kolmekordistades meie lao pindala, et mahutada k\u00f5ikide klientide rehvid.\n\n<h2>Miks valida meie rehvide hoiustamise teenus?<\/h2> <ul> <li><strong>Rehvide vedamine on t\u00fclikas ja raske<\/strong> \u2013 me teeme selle teie eest \u00e4ra.<\/li> <li><strong>Rehvid v\u00f5tavad palju ruumi<\/strong> \u2013 hoiustamine kuuris, keldris v\u00f5i garaa\u017eis v\u00f5ib olla ebamugav ja v\u00e4hendab teie ruumikasutust.<\/li> <li><strong>Tyres smear the car<\/strong> \u2013 meie teenus aitab v\u00e4ltida mustuse ja rehvim\u00e4\u00e4ra sattumist teie s\u00f5idukisse.<\/li> <li><strong>Tyres don't fit in the trunk<\/strong> \u2013 pole vaja muretseda, kuhu rehvid mahutada.<\/li> <li><strong>Rehvide toomine t\u00f6\u00f6kotta on logistiliselt keeruline<\/strong> \u2013 meie hoiustamisteenus teeb selle lihtsamaks.<\/li> <\/ul>\nKui vastate neile k\u00fcsimustele jaatavalt, siis vajate kindlasti meie rehvihoiustamise teenust.\n\n<h2>Kuidas rehve \u00f5igesti hoiustada?<\/h2> <p>Rehvide korrektne hoiustamine on \u00e4\u00e4rmiselt oluline, et s\u00e4ilitada nende kvaliteet ja ohutus. Siin on m\u00f5ned olulised tingimused:<\/p> <ul> <li>Velgedega rehve tuleb hoiustada lapiti, et v\u00e4ltida kahjustusi.<\/li> <li>Veljeta rehve tuleb hoiustada p\u00fcsti, et v\u00e4ltida deformeerumist.<\/li> <li>Tuleb tagada \u00fchtlane temperatuur, et v\u00e4ltida rehvimaterjalide vananemist.<\/li> <li>Hoiustamisruum peab olema kuiv ja ventileeritud, et v\u00e4ltida rehvide niiskuskahjustusi.<\/li> <li>Rehvid tuleb hoida pimedas, et v\u00e4ltida UV-kiirte m\u00f5ju, mis v\u00f5ib rehve kahjustada.<\/li> <\/ul> <h2>Miks mitte hoida rehve puukuuris?<\/h2> <p>Paljud kliendid on hoiustanud rehve puukuuris \u2013 see on \u00fcks halvimaid kohti rehvide jaoks. Puukuur ei kaitse rehve piisavalt UV-kiirguse ja temperatuurik\u00f5ikumiste eest ning seal v\u00f5ib esineda liigniiskust, mis kahjustab rehvide struktuuri. Sellistes tingimustes kaotavad rehvid oma omadused, muutudes ohtlikuks nii omanikule kui ka kaasliiklejatele.<\/p> <h2>Valige meie rehvide hoiustamise teenus Tallinnas<\/h2> <p>Meie professionaalne rehvide hoiustamine tagab, et teie rehvid s\u00e4ilivad heas korras ja on valmis kasutamiseks j\u00e4rgmisel hooajal. Turvalisus ja kliendirahulolu on meie prioriteet \u2013 usaldage meid oma rehvide hooldamisel ja hoiustamisel.<\/p>\t\t\t\t\t\t\t\t<\/div>\n\t\t\t\t<\/div>\n\t\t\t\t\t<\/div>\n\t\t<\/div>\n\t\t\t\t<div class=\"elementor-column elementor-col-50 elementor-inner-column elementor-element elementor-element-8b4d2af\" data-id=\"8b4d2af\" data-element_type=\"column\" data-e-type=\"column\">\n\t\t\t<div class=\"elementor-widget-wrap elementor-element-populated\">\n\t\t\t\t\t\t<div class=\"elementor-element elementor-element-a371f8f elementor-hidden-desktop elementor-hidden-tablet elementor-hidden-mobile elementor-widget elementor-widget-image\" data-id=\"a371f8f\" data-element_type=\"widget\" data-e-type=\"widget\" data-widget_type=\"image.default\">\n\t\t\t\t<div class=\"elementor-widget-container\">\n\t\t\t\t\t\t\t\t\t\t\t\t\t\t\t<img fetchpriority=\"high\" decoding=\"async\" width=\"768\" height=\"1024\" src=\"https:\/\/www.rettum.ee\/wp-content\/uploads\/2023\/02\/IMG_20221203_005928-768x1024.jpg\" class=\"attachment-large size-large wp-image-2465\" alt=\"Rehvivahetus\" srcset=\"https:\/\/www.rettum.ee\/wp-content\/uploads\/2023\/02\/IMG_20221203_005928-768x1024.jpg 768w, https:\/\/www.rettum.ee\/wp-content\/uploads\/2023\/02\/IMG_20221203_005928-225x300.jpg 225w, https:\/\/www.rettum.ee\/wp-content\/uploads\/2023\/02\/IMG_20221203_005928-1152x1536.jpg 1152w, https:\/\/www.rettum.ee\/wp-content\/uploads\/2023\/02\/IMG_20221203_005928-1536x2048.jpg 1536w, https:\/\/www.rettum.ee\/wp-content\/uploads\/2023\/02\/IMG_20221203_005928-scaled.jpg 810w\" sizes=\"(max-width: 768px) 100vw, 768px\" \/>\t\t\t\t\t\t\t\t\t\t\t\t\t\t\t<\/div>\n\t\t\t\t<\/div>\n\t\t\t\t<div class=\"elementor-element elementor-element-437d6ad elementor-widget elementor-widget-spacer\" data-id=\"437d6ad\" data-element_type=\"widget\" data-e-type=\"widget\" data-widget_type=\"spacer.default\">\n\t\t\t\t<div class=\"elementor-widget-container\">\n\t\t\t\t\t\t\t<div class=\"elementor-spacer\">\n\t\t\t<div class=\"elementor-spacer-inner\"><\/div>\n\t\t<\/div>\n\t\t\t\t\t\t<\/div>\n\t\t\t\t<\/div>\n\t\t\t\t<div class=\"elementor-element elementor-element-edd0058 elementor-hidden-desktop elementor-hidden-tablet elementor-hidden-mobile elementor-widget elementor-widget-image\" data-id=\"edd0058\" data-element_type=\"widget\" data-e-type=\"widget\" data-widget_type=\"image.default\">\n\t\t\t\t<div class=\"elementor-widget-container\">\n\t\t\t\t\t\t\t\t\t\t\t\t\t\t\t<img decoding=\"async\" width=\"768\" height=\"576\" src=\"https:\/\/www.rettum.ee\/wp-content\/uploads\/2023\/01\/IMG_20210209_140841-768x576.jpg\" class=\"attachment-medium_large size-medium_large wp-image-2375\" alt=\"Yandex auto rehvivahetus\" srcset=\"https:\/\/www.rettum.ee\/wp-content\/uploads\/2023\/01\/IMG_20210209_140841-768x576.jpg 768w, https:\/\/www.rettum.ee\/wp-content\/uploads\/2023\/01\/IMG_20210209_140841-300x225.jpg 300w, https:\/\/www.rettum.ee\/wp-content\/uploads\/2023\/01\/IMG_20210209_140841-1024x768.jpg 1024w, https:\/\/www.rettum.ee\/wp-content\/uploads\/2023\/01\/IMG_20210209_140841-1536x1152.jpg 1536w, https:\/\/www.rettum.ee\/wp-content\/uploads\/2023\/01\/IMG_20210209_140841-2048x1536.jpg 2048w, https:\/\/www.rettum.ee\/wp-content\/uploads\/2023\/01\/IMG_20210209_140841-scaled.jpg 1440w\" sizes=\"(max-width: 768px) 100vw, 768px\" \/>\t\t\t\t\t\t\t\t\t\t\t\t\t\t\t<\/div>\n\t\t\t\t<\/div>\n\t\t\t\t\t<\/div>\n\t\t<\/div>\n\t\t\t\t\t<\/div>\n\t\t<\/section>\n\t\t\t\t\t<\/div>\n\t\t<\/div>\n\t\t\t\t\t<\/div>\n\t\t<\/section>\n\t\t\t\t<section class=\"elementor-section elementor-top-section elementor-element elementor-element-76ec80a1 elementor-section-boxed elementor-section-height-default elementor-section-height-default\" data-id=\"76ec80a1\" data-element_type=\"section\" data-e-type=\"section\" data-settings=\"{&quot;background_background&quot;:&quot;gradient&quot;}\">\n\t\t\t\t\t\t\t<div class=\"elementor-background-overlay\"><\/div>\n\t\t\t\t\t\t\t<div class=\"elementor-container elementor-column-gap-no\">\n\t\t\t\t\t<div class=\"elementor-column elementor-col-100 elementor-top-column elementor-element elementor-element-36b4a4c8\" data-id=\"36b4a4c8\" data-element_type=\"column\" data-e-type=\"column\" data-settings=\"{&quot;background_background&quot;:&quot;classic&quot;}\">\n\t\t\t<div class=\"elementor-widget-wrap elementor-element-populated\">\n\t\t\t\t\t\t<div class=\"elementor-element elementor-element-3f54256c elementor-widget elementor-widget-heading\" data-id=\"3f54256c\" data-element_type=\"widget\" data-e-type=\"widget\" data-widget_type=\"heading.default\">\n\t\t\t\t<div class=\"elementor-widget-container\">\n\t\t\t\t\t<h3 class=\"elementor-heading-title elementor-size-default\">BOOK AN APPOINTMENT TODAY<\/h3>\t\t\t\t<\/div>\n\t\t\t\t<\/div>\n\t\t\t\t<div class=\"elementor-element elementor-element-4fa08f19 elementor-widget elementor-widget-heading\" data-id=\"4fa08f19\" data-element_type=\"widget\" data-e-type=\"widget\" data-widget_type=\"heading.default\">\n\t\t\t\t<div class=\"elementor-widget-container\">\n\t\t\t\t\t<h2 class=\"elementor-heading-title elementor-size-default\"><a href=\"tel:+37253435660\">+372 5343 5660<\/a><\/h2>\t\t\t\t<\/div>\n\t\t\t\t<\/div>\n\t\t\t\t<div class=\"elementor-element elementor-element-2f747c5c elementor-widget-divider--view-line elementor-widget elementor-widget-divider\" data-id=\"2f747c5c\" data-element_type=\"widget\" data-e-type=\"widget\" data-widget_type=\"divider.default\">\n\t\t\t\t<div class=\"elementor-widget-container\">\n\t\t\t\t\t\t\t<div class=\"elementor-divider\">\n\t\t\t<span class=\"elementor-divider-separator\">\n\t\t\t\t\t\t<\/span>\n\t\t<\/div>\n\t\t\t\t\t\t<\/div>\n\t\t\t\t<\/div>\n\t\t\t\t<div class=\"elementor-element elementor-element-5153afd7 elementor-align-center elementor-mobile-align-center elementor-widget elementor-widget-button\" data-id=\"5153afd7\" data-element_type=\"widget\" data-e-type=\"widget\" data-widget_type=\"button.default\">\n\t\t\t\t<div class=\"elementor-widget-container\">\n\t\t\t\t\t\t\t\t\t<div class=\"elementor-button-wrapper\">\n\t\t\t\t\t<a class=\"elementor-button elementor-button-link elementor-size-md\" href=\"https:\/\/rettum.ee\/en\/broneeri\/\">\n\t\t\t\t\t\t<span class=\"elementor-button-content-wrapper\">\n\t\t\t\t\t\t<span class=\"elementor-button-icon\">\n\t\t\t\t<i aria-hidden=\"true\" class=\"far fa-calendar-check\"><\/i>\t\t\t<\/span>\n\t\t\t\t\t\t\t\t\t<span class=\"elementor-button-text\">BOOK NOW<\/span>\n\t\t\t\t\t<\/span>\n\t\t\t\t\t<\/a>\n\t\t\t\t<\/div>\n\t\t\t\t\t\t\t\t<\/div>\n\t\t\t\t<\/div>\n\t\t\t\t\t<\/div>\n\t\t<\/div>\n\t\t\t\t\t<\/div>\n\t\t<\/section>\n\t\t\t\t<\/div>","protected":false},"excerpt":{"rendered":"<p>Rehvide hoiustamine Rehvide hoiustamine Tallinnas \u2013 mugav ja turvaline lahendus teie rehvidele Pakume rehvide hoiustamise teenust, mis on kasulik k\u00f5igile klientidele, kes soovivad hoida oma rehve turvaliselt ja ruumis\u00e4\u00e4stlikult. Meie teenuse populaarsus on kiiresti kasvanud, kolmekordistades meie lao pindala, et mahutada k\u00f5ikide klientide rehvid. Miks valida meie rehvide hoiustamise teenus? Rehvide vedamine on t\u00fclikas ja [&hellip;]<\/p>\n","protected":false},"author":2,"featured_media":0,"parent":0,"menu_order":0,"comment_status":"closed","ping_status":"closed","template":"","meta":{"om_disable_all_campaigns":false,"_uf_show_specific_survey":0,"_uf_disable_surveys":false,"site-sidebar-layout":"no-sidebar","site-content-layout":"page-builder","ast-site-content-layout":"default","site-content-style":"default","site-sidebar-style":"default","ast-global-header-display":"","ast-banner-title-visibility":"","ast-main-header-display":"","ast-hfb-above-header-display":"","ast-hfb-below-header-display":"","ast-hfb-mobile-header-display":"","site-post-title":"disabled","ast-breadcrumbs-content":"","ast-featured-img":"disabled","footer-sml-layout":"","ast-disable-related-posts":"","theme-transparent-header-meta":"enabled","adv-header-id-meta":"","stick-header-meta":"","header-above-stick-meta":"","header-main-stick-meta":"","header-below-stick-meta":"","astra-migrate-meta-layouts":"default","ast-page-background-enabled":"default","ast-page-background-meta":{"desktop":{"background-color":"","background-image":"","background-repeat":"repeat","background-position":"center center","background-size":"auto","background-attachment":"scroll","background-type":"","background-media":"","overlay-type":"","overlay-color":"","overlay-opacity":"","overlay-gradient":""},"tablet":{"background-color":"","background-image":"","background-repeat":"repeat","background-position":"center center","background-size":"auto","background-attachment":"scroll","background-type":"","background-media":"","overlay-type":"","overlay-color":"","overlay-opacity":"","overlay-gradient":""},"mobile":{"background-color":"","background-image":"","background-repeat":"repeat","background-position":"center center","background-size":"auto","background-attachment":"scroll","background-type":"","background-media":"","overlay-type":"","overlay-color":"","overlay-opacity":"","overlay-gradient":""}},"ast-content-background-meta":{"desktop":{"background-color":"var(--ast-global-color-5)","background-image":"","background-repeat":"repeat","background-position":"center center","background-size":"auto","background-attachment":"scroll","background-type":"","background-media":"","overlay-type":"","overlay-color":"","overlay-opacity":"","overlay-gradient":""},"tablet":{"background-color":"var(--ast-global-color-5)","background-image":"","background-repeat":"repeat","background-position":"center center","background-size":"auto","background-attachment":"scroll","background-type":"","background-media":"","overlay-type":"","overlay-color":"","overlay-opacity":"","overlay-gradient":""},"mobile":{"background-color":"var(--ast-global-color-5)","background-image":"","background-repeat":"repeat","background-position":"center center","background-size":"auto","background-attachment":"scroll","background-type":"","background-media":"","overlay-type":"","overlay-color":"","overlay-opacity":"","overlay-gradient":""}},"footnotes":""},"class_list":["post-2525","page","type-page","status-publish","hentry"],"aioseo_notices":[],"_links":{"self":[{"href":"https:\/\/rettum.ee\/en\/wp-json\/wp\/v2\/pages\/2525","targetHints":{"allow":["GET"]}}],"collection":[{"href":"https:\/\/rettum.ee\/en\/wp-json\/wp\/v2\/pages"}],"about":[{"href":"https:\/\/rettum.ee\/en\/wp-json\/wp\/v2\/types\/page"}],"author":[{"embeddable":true,"href":"https:\/\/rettum.ee\/en\/wp-json\/wp\/v2\/users\/2"}],"replies":[{"embeddable":true,"href":"https:\/\/rettum.ee\/en\/wp-json\/wp\/v2\/comments?post=2525"}],"version-history":[{"count":0,"href":"https:\/\/rettum.ee\/en\/wp-json\/wp\/v2\/pages\/2525\/revisions"}],"wp:attachment":[{"href":"https:\/\/rettum.ee\/en\/wp-json\/wp\/v2\/media?parent=2525"}],"curies":[{"name":"wp","href":"https:\/\/api.w.org\/{rel}","templated":true}]}}