{"id":2529,"date":"2023-02-26T14:24:27","date_gmt":"2023-02-26T14:24:27","guid":{"rendered":"https:\/\/www.rettum.ee\/?page_id=2529"},"modified":"2023-02-28T11:23:00","modified_gmt":"2023-02-28T09:23:00","slug":"rehvid","status":"publish","type":"page","link":"https:\/\/rettum.ee\/en\/rehvid\/","title":{"rendered":"New tyres"},"content":{"rendered":"<div data-elementor-type=\"wp-post\" data-elementor-id=\"2529\" class=\"elementor elementor-2529\">\n\t\t\t\t\t\t<section class=\"elementor-section elementor-top-section elementor-element elementor-element-b0d353c elementor-section-boxed elementor-section-height-default elementor-section-height-default\" data-id=\"b0d353c\" data-element_type=\"section\" data-e-type=\"section\" data-settings=\"{&quot;background_background&quot;:&quot;classic&quot;}\">\n\t\t\t\t\t\t\t<div class=\"elementor-background-overlay\"><\/div>\n\t\t\t\t\t\t\t<div class=\"elementor-container elementor-column-gap-no\">\n\t\t\t\t\t<div class=\"elementor-column elementor-col-100 elementor-top-column elementor-element elementor-element-c9b84a8\" data-id=\"c9b84a8\" data-element_type=\"column\" data-e-type=\"column\" data-settings=\"{&quot;background_background&quot;:&quot;classic&quot;}\">\n\t\t\t<div class=\"elementor-widget-wrap elementor-element-populated\">\n\t\t\t\t\t\t<div class=\"elementor-element elementor-element-e36dc84 elementor-invisible elementor-widget elementor-widget-heading\" data-id=\"e36dc84\" data-element_type=\"widget\" data-e-type=\"widget\" data-settings=\"{&quot;_animation&quot;:&quot;pulse&quot;}\" data-widget_type=\"heading.default\">\n\t\t\t\t<div class=\"elementor-widget-container\">\n\t\t\t\t\t<h1 class=\"elementor-heading-title elementor-size-default\">New tyres<\/h1>\t\t\t\t<\/div>\n\t\t\t\t<\/div>\n\t\t\t\t<div class=\"elementor-element elementor-element-7dc7ff2 elementor-widget-divider--view-line elementor-widget elementor-widget-divider\" data-id=\"7dc7ff2\" data-element_type=\"widget\" data-e-type=\"widget\" data-widget_type=\"divider.default\">\n\t\t\t\t<div class=\"elementor-widget-container\">\n\t\t\t\t\t\t\t<div class=\"elementor-divider\">\n\t\t\t<span class=\"elementor-divider-separator\">\n\t\t\t\t\t\t<\/span>\n\t\t<\/div>\n\t\t\t\t\t\t<\/div>\n\t\t\t\t<\/div>\n\t\t\t\t\t<\/div>\n\t\t<\/div>\n\t\t\t\t\t<\/div>\n\t\t<\/section>\n\t\t\t\t<section class=\"elementor-section elementor-top-section elementor-element elementor-element-c48af61 elementor-section-boxed elementor-section-height-default elementor-section-height-default\" data-id=\"c48af61\" data-element_type=\"section\" data-e-type=\"section\" data-settings=\"{&quot;background_background&quot;:&quot;classic&quot;}\">\n\t\t\t\t\t\t\t<div class=\"elementor-background-overlay\"><\/div>\n\t\t\t\t\t\t\t<div class=\"elementor-container elementor-column-gap-no\">\n\t\t\t\t\t<div class=\"elementor-column elementor-col-100 elementor-top-column elementor-element elementor-element-fed7aae\" data-id=\"fed7aae\" data-element_type=\"column\" data-e-type=\"column\">\n\t\t\t<div class=\"elementor-widget-wrap elementor-element-populated\">\n\t\t\t\t\t\t<section class=\"elementor-section elementor-inner-section elementor-element elementor-element-040e342 elementor-section-boxed elementor-section-height-default elementor-section-height-default\" data-id=\"040e342\" data-element_type=\"section\" data-e-type=\"section\">\n\t\t\t\t\t\t<div class=\"elementor-container elementor-column-gap-default\">\n\t\t\t\t\t<div class=\"elementor-column elementor-col-50 elementor-inner-column elementor-element elementor-element-edbf2ef\" data-id=\"edbf2ef\" data-element_type=\"column\" data-e-type=\"column\">\n\t\t\t<div class=\"elementor-widget-wrap elementor-element-populated\">\n\t\t\t\t\t\t<div class=\"elementor-element elementor-element-5aca73f elementor-widget elementor-widget-text-editor\" data-id=\"5aca73f\" data-element_type=\"widget\" data-e-type=\"widget\" data-widget_type=\"text-editor.default\">\n\t\t\t\t<div class=\"elementor-widget-container\">\n\t\t\t\t\t\t\t\t\t<p>We only sell new tyres. If you are interested in buying tyres, please send an e-mail (<strong>info@rettum.ee<\/strong>), where you should also enter the registration number and wheel size of the car. Many online shops offer a search for tyres by car registration number. You can only search for tyres by car registration number if you know what inch the tyres are.<br \/>The following tyres are suitable for a perfectly normal \u0160koda Superb:<\/p><p><img fetchpriority=\"high\" decoding=\"async\" class=\"alignnone wp-image-2560 size-full\" src=\"https:\/\/www.rettum.ee\/wp-content\/uploads\/2023\/02\/861da8a7cf3d8cd7cea4021fae2514c4.png\" alt=\"\" width=\"1085\" height=\"162\" srcset=\"https:\/\/rettum.ee\/wp-content\/uploads\/2023\/02\/861da8a7cf3d8cd7cea4021fae2514c4.png 1085w, https:\/\/rettum.ee\/wp-content\/uploads\/2023\/02\/861da8a7cf3d8cd7cea4021fae2514c4-300x45.png 300w, https:\/\/rettum.ee\/wp-content\/uploads\/2023\/02\/861da8a7cf3d8cd7cea4021fae2514c4-1024x153.png 1024w, https:\/\/rettum.ee\/wp-content\/uploads\/2023\/02\/861da8a7cf3d8cd7cea4021fae2514c4-768x115.png 768w\" sizes=\"(max-width: 1085px) 100vw, 1085px\" \/><br \/>Picture from Transpordiamet<\/p><p>The car suits<br \/>1) 16\u201c<br \/>2) 17\u201c<br \/>3) 18\u201c<br \/>The main tyres we sell are<br \/><strong>Top class:<\/strong><\/p><ul><li>Continental<\/li><li>Michelin<\/li><li>Goodyear<\/li><\/ul><p><strong>Mid class:<\/strong><\/p><ul><li>Hankook<\/li><li>Barum<\/li><li>Sava<\/li><\/ul><p><strong>Cheap class<\/strong><\/p><ul><li>Sailun<\/li><li>Triangel<\/li><li>Nordex<\/li><\/ul><p>It is also possible to get tyres from other manufacturers, but the ones mentioned above cover most people's needs. To be honest, the difference in quality between Continental and Michelin tyres is not huge. It's more a matter of taste than quality.<br \/><strong>NB!<\/strong> Whenever you buy new tyres, ask for the valves to be replaced (if the car is without a tyre pressure sensor). We also change the valves, but unfortunately many garages don't do this.<\/p>\t\t\t\t\t\t\t\t<\/div>\n\t\t\t\t<\/div>\n\t\t\t\t\t<\/div>\n\t\t<\/div>\n\t\t\t\t<div class=\"elementor-column elementor-col-50 elementor-inner-column elementor-element elementor-element-8b4d2af\" data-id=\"8b4d2af\" data-element_type=\"column\" data-e-type=\"column\">\n\t\t\t<div class=\"elementor-widget-wrap elementor-element-populated\">\n\t\t\t\t\t\t<div class=\"elementor-element elementor-element-a371f8f elementor-widget elementor-widget-image\" data-id=\"a371f8f\" data-element_type=\"widget\" data-e-type=\"widget\" data-widget_type=\"image.default\">\n\t\t\t\t<div class=\"elementor-widget-container\">\n\t\t\t\t\t\t\t\t\t\t\t\t\t\t\t<img decoding=\"async\" width=\"768\" height=\"1024\" src=\"https:\/\/www.rettum.ee\/wp-content\/uploads\/2023\/02\/IMG_20201001_123140-768x1024.jpg\" class=\"attachment-large size-large wp-image-2564\" alt=\"Rehvide torn\" srcset=\"https:\/\/www.rettum.ee\/wp-content\/uploads\/2023\/02\/IMG_20201001_123140-768x1024.jpg 768w, https:\/\/www.rettum.ee\/wp-content\/uploads\/2023\/02\/IMG_20201001_123140-225x300.jpg 225w, https:\/\/www.rettum.ee\/wp-content\/uploads\/2023\/02\/IMG_20201001_123140-1152x1536.jpg 1152w, https:\/\/www.rettum.ee\/wp-content\/uploads\/2023\/02\/IMG_20201001_123140-1536x2048.jpg 1536w, https:\/\/www.rettum.ee\/wp-content\/uploads\/2023\/02\/IMG_20201001_123140-scaled.jpg 810w\" sizes=\"(max-width: 768px) 100vw, 768px\" \/>\t\t\t\t\t\t\t\t\t\t\t\t\t\t\t<\/div>\n\t\t\t\t<\/div>\n\t\t\t\t<div class=\"elementor-element elementor-element-437d6ad elementor-widget elementor-widget-spacer\" data-id=\"437d6ad\" data-element_type=\"widget\" data-e-type=\"widget\" data-widget_type=\"spacer.default\">\n\t\t\t\t<div class=\"elementor-widget-container\">\n\t\t\t\t\t\t\t<div class=\"elementor-spacer\">\n\t\t\t<div class=\"elementor-spacer-inner\"><\/div>\n\t\t<\/div>\n\t\t\t\t\t\t<\/div>\n\t\t\t\t<\/div>\n\t\t\t\t<div class=\"elementor-element elementor-element-edd0058 elementor-widget elementor-widget-image\" data-id=\"edd0058\" data-element_type=\"widget\" data-e-type=\"widget\" data-widget_type=\"image.default\">\n\t\t\t\t<div class=\"elementor-widget-container\">\n\t\t\t\t\t\t\t\t\t\t\t\t\t\t\t<img decoding=\"async\" width=\"768\" height=\"576\" src=\"https:\/\/www.rettum.ee\/wp-content\/uploads\/2023\/02\/IMG_20190613_143833-768x576.jpg\" class=\"attachment-medium_large size-medium_large wp-image-2565\" alt=\"Rehvid\" srcset=\"https:\/\/www.rettum.ee\/wp-content\/uploads\/2023\/02\/IMG_20190613_143833-768x576.jpg 768w, https:\/\/www.rettum.ee\/wp-content\/uploads\/2023\/02\/IMG_20190613_143833-300x225.jpg 300w, https:\/\/www.rettum.ee\/wp-content\/uploads\/2023\/02\/IMG_20190613_143833-1024x768.jpg 1024w, https:\/\/www.rettum.ee\/wp-content\/uploads\/2023\/02\/IMG_20190613_143833-1536x1152.jpg 1536w, https:\/\/www.rettum.ee\/wp-content\/uploads\/2023\/02\/IMG_20190613_143833-2048x1536.jpg 2048w, https:\/\/www.rettum.ee\/wp-content\/uploads\/2023\/02\/IMG_20190613_143833-scaled.jpg 1440w\" sizes=\"(max-width: 768px) 100vw, 768px\" \/>\t\t\t\t\t\t\t\t\t\t\t\t\t\t\t<\/div>\n\t\t\t\t<\/div>\n\t\t\t\t<div class=\"elementor-element elementor-element-b7583ae elementor-widget elementor-widget-spacer\" data-id=\"b7583ae\" data-element_type=\"widget\" data-e-type=\"widget\" data-widget_type=\"spacer.default\">\n\t\t\t\t<div class=\"elementor-widget-container\">\n\t\t\t\t\t\t\t<div class=\"elementor-spacer\">\n\t\t\t<div class=\"elementor-spacer-inner\"><\/div>\n\t\t<\/div>\n\t\t\t\t\t\t<\/div>\n\t\t\t\t<\/div>\n\t\t\t\t<div class=\"elementor-element elementor-element-92afd07 elementor-widget elementor-widget-image\" data-id=\"92afd07\" data-element_type=\"widget\" data-e-type=\"widget\" data-widget_type=\"image.default\">\n\t\t\t\t<div class=\"elementor-widget-container\">\n\t\t\t\t\t\t\t\t\t\t\t\t\t\t\t<img loading=\"lazy\" decoding=\"async\" width=\"768\" height=\"576\" src=\"https:\/\/www.rettum.ee\/wp-content\/uploads\/2023\/02\/IMG_20201106_185633-768x576.jpg\" class=\"attachment-medium_large size-medium_large wp-image-2566\" alt=\"Rehvid\" srcset=\"https:\/\/www.rettum.ee\/wp-content\/uploads\/2023\/02\/IMG_20201106_185633-768x576.jpg 768w, https:\/\/www.rettum.ee\/wp-content\/uploads\/2023\/02\/IMG_20201106_185633-300x225.jpg 300w, https:\/\/www.rettum.ee\/wp-content\/uploads\/2023\/02\/IMG_20201106_185633-1024x768.jpg 1024w, https:\/\/www.rettum.ee\/wp-content\/uploads\/2023\/02\/IMG_20201106_185633-1536x1152.jpg 1536w, https:\/\/www.rettum.ee\/wp-content\/uploads\/2023\/02\/IMG_20201106_185633-2048x1536.jpg 2048w, https:\/\/www.rettum.ee\/wp-content\/uploads\/2023\/02\/IMG_20201106_185633-scaled.jpg 1440w\" sizes=\"(max-width: 768px) 100vw, 768px\" \/>\t\t\t\t\t\t\t\t\t\t\t\t\t\t\t<\/div>\n\t\t\t\t<\/div>\n\t\t\t\t\t<\/div>\n\t\t<\/div>\n\t\t\t\t\t<\/div>\n\t\t<\/section>\n\t\t\t\t\t<\/div>\n\t\t<\/div>\n\t\t\t\t\t<\/div>\n\t\t<\/section>\n\t\t\t\t<section class=\"elementor-section elementor-top-section elementor-element elementor-element-76ec80a1 elementor-section-boxed elementor-section-height-default elementor-section-height-default\" data-id=\"76ec80a1\" data-element_type=\"section\" data-e-type=\"section\" data-settings=\"{&quot;background_background&quot;:&quot;gradient&quot;}\">\n\t\t\t\t\t\t\t<div class=\"elementor-background-overlay\"><\/div>\n\t\t\t\t\t\t\t<div class=\"elementor-container elementor-column-gap-no\">\n\t\t\t\t\t<div class=\"elementor-column elementor-col-100 elementor-top-column elementor-element elementor-element-36b4a4c8\" data-id=\"36b4a4c8\" data-element_type=\"column\" data-e-type=\"column\" data-settings=\"{&quot;background_background&quot;:&quot;classic&quot;}\">\n\t\t\t<div class=\"elementor-widget-wrap elementor-element-populated\">\n\t\t\t\t\t\t<div class=\"elementor-element elementor-element-3f54256c elementor-widget elementor-widget-heading\" data-id=\"3f54256c\" data-element_type=\"widget\" data-e-type=\"widget\" data-widget_type=\"heading.default\">\n\t\t\t\t<div class=\"elementor-widget-container\">\n\t\t\t\t\t<h3 class=\"elementor-heading-title elementor-size-default\">BOOK AN APPOINTMENT TODAY<\/h3>\t\t\t\t<\/div>\n\t\t\t\t<\/div>\n\t\t\t\t<div class=\"elementor-element elementor-element-4fa08f19 elementor-widget elementor-widget-heading\" data-id=\"4fa08f19\" data-element_type=\"widget\" data-e-type=\"widget\" data-widget_type=\"heading.default\">\n\t\t\t\t<div class=\"elementor-widget-container\">\n\t\t\t\t\t<h2 class=\"elementor-heading-title elementor-size-default\"><a href=\"tel:+37253435660\">+372 5343 5660<\/a><\/h2>\t\t\t\t<\/div>\n\t\t\t\t<\/div>\n\t\t\t\t<div class=\"elementor-element elementor-element-2f747c5c elementor-widget-divider--view-line elementor-widget elementor-widget-divider\" data-id=\"2f747c5c\" data-element_type=\"widget\" data-e-type=\"widget\" data-widget_type=\"divider.default\">\n\t\t\t\t<div class=\"elementor-widget-container\">\n\t\t\t\t\t\t\t<div class=\"elementor-divider\">\n\t\t\t<span class=\"elementor-divider-separator\">\n\t\t\t\t\t\t<\/span>\n\t\t<\/div>\n\t\t\t\t\t\t<\/div>\n\t\t\t\t<\/div>\n\t\t\t\t<div class=\"elementor-element elementor-element-5153afd7 elementor-align-center elementor-mobile-align-center elementor-widget elementor-widget-button\" data-id=\"5153afd7\" data-element_type=\"widget\" data-e-type=\"widget\" data-widget_type=\"button.default\">\n\t\t\t\t<div class=\"elementor-widget-container\">\n\t\t\t\t\t\t\t\t\t<div class=\"elementor-button-wrapper\">\n\t\t\t\t\t<a class=\"elementor-button elementor-button-link elementor-size-md\" href=\"https:\/\/rettum.ee\/en\/broneeri\/\">\n\t\t\t\t\t\t<span class=\"elementor-button-content-wrapper\">\n\t\t\t\t\t\t<span class=\"elementor-button-icon\">\n\t\t\t\t<i aria-hidden=\"true\" class=\"far fa-calendar-check\"><\/i>\t\t\t<\/span>\n\t\t\t\t\t\t\t\t\t<span class=\"elementor-button-text\">BOOK NOW<\/span>\n\t\t\t\t\t<\/span>\n\t\t\t\t\t<\/a>\n\t\t\t\t<\/div>\n\t\t\t\t\t\t\t\t<\/div>\n\t\t\t\t<\/div>\n\t\t\t\t\t<\/div>\n\t\t<\/div>\n\t\t\t\t\t<\/div>\n\t\t<\/section>\n\t\t\t\t<\/div>","protected":false},"excerpt":{"rendered":"<p>Uued rehvid M\u00fc\u00fcme ainult uusi rehve. Rehvide ostusoovi korral saada e-mail (info@rettum.ee), kuhu m\u00e4rgi \u00e4ra auto registreerimisnumber ja veljem\u00f5\u00f5t. Paljud e-poed pakuvad v\u00e4lja auto registreerimisnumbri alusel rehvide otsimist. Auto registreerimisnumbri j\u00e4rgi saab rehve otsida vaid siis, kui on teada, mis tolli rehvid autol on.T\u00e4iesti tavalisele \u0160koda Superbile sobivad j\u00e4rgmised rehvid: Pilt Transpordiameti kodulehelt Autole sobib1) [&hellip;]<\/p>\n","protected":false},"author":2,"featured_media":0,"parent":0,"menu_order":0,"comment_status":"closed","ping_status":"closed","template":"","meta":{"om_disable_all_campaigns":false,"_uf_show_specific_survey":0,"_uf_disable_surveys":false,"site-sidebar-layout":"no-sidebar","site-content-layout":"page-builder","ast-site-content-layout":"default","site-content-style":"default","site-sidebar-style":"default","ast-global-header-display":"","ast-banner-title-visibility":"","ast-main-header-display":"","ast-hfb-above-header-display":"","ast-hfb-below-header-display":"","ast-hfb-mobile-header-display":"","site-post-title":"disabled","ast-breadcrumbs-content":"","ast-featured-img":"disabled","footer-sml-layout":"","ast-disable-related-posts":"","theme-transparent-header-meta":"enabled","adv-header-id-meta":"","stick-header-meta":"","header-above-stick-meta":"","header-main-stick-meta":"","header-below-stick-meta":"","astra-migrate-meta-layouts":"default","ast-page-background-enabled":"default","ast-page-background-meta":{"desktop":{"background-color":"","background-image":"","background-repeat":"repeat","background-position":"center center","background-size":"auto","background-attachment":"scroll","background-type":"","background-media":"","overlay-type":"","overlay-color":"","overlay-opacity":"","overlay-gradient":""},"tablet":{"background-color":"","background-image":"","background-repeat":"repeat","background-position":"center center","background-size":"auto","background-attachment":"scroll","background-type":"","background-media":"","overlay-type":"","overlay-color":"","overlay-opacity":"","overlay-gradient":""},"mobile":{"background-color":"","background-image":"","background-repeat":"repeat","background-position":"center center","background-size":"auto","background-attachment":"scroll","background-type":"","background-media":"","overlay-type":"","overlay-color":"","overlay-opacity":"","overlay-gradient":""}},"ast-content-background-meta":{"desktop":{"background-color":"var(--ast-global-color-5)","background-image":"","background-repeat":"repeat","background-position":"center center","background-size":"auto","background-attachment":"scroll","background-type":"","background-media":"","overlay-type":"","overlay-color":"","overlay-opacity":"","overlay-gradient":""},"tablet":{"background-color":"var(--ast-global-color-5)","background-image":"","background-repeat":"repeat","background-position":"center center","background-size":"auto","background-attachment":"scroll","background-type":"","background-media":"","overlay-type":"","overlay-color":"","overlay-opacity":"","overlay-gradient":""},"mobile":{"background-color":"var(--ast-global-color-5)","background-image":"","background-repeat":"repeat","background-position":"center center","background-size":"auto","background-attachment":"scroll","background-type":"","background-media":"","overlay-type":"","overlay-color":"","overlay-opacity":"","overlay-gradient":""}},"footnotes":""},"class_list":["post-2529","page","type-page","status-publish","hentry"],"aioseo_notices":[],"_links":{"self":[{"href":"https:\/\/rettum.ee\/en\/wp-json\/wp\/v2\/pages\/2529","targetHints":{"allow":["GET"]}}],"collection":[{"href":"https:\/\/rettum.ee\/en\/wp-json\/wp\/v2\/pages"}],"about":[{"href":"https:\/\/rettum.ee\/en\/wp-json\/wp\/v2\/types\/page"}],"author":[{"embeddable":true,"href":"https:\/\/rettum.ee\/en\/wp-json\/wp\/v2\/users\/2"}],"replies":[{"embeddable":true,"href":"https:\/\/rettum.ee\/en\/wp-json\/wp\/v2\/comments?post=2529"}],"version-history":[{"count":0,"href":"https:\/\/rettum.ee\/en\/wp-json\/wp\/v2\/pages\/2529\/revisions"}],"wp:attachment":[{"href":"https:\/\/rettum.ee\/en\/wp-json\/wp\/v2\/media?parent=2529"}],"curies":[{"name":"wp","href":"https:\/\/api.w.org\/{rel}","templated":true}]}}